{"id":699,"date":"2025-06-20T17:27:09","date_gmt":"2025-06-20T15:27:09","guid":{"rendered":"https:\/\/passion-pmac.fr\/?page_id=699"},"modified":"2025-06-20T17:33:00","modified_gmt":"2025-06-20T15:33:00","slug":"mission-memoire","status":"publish","type":"page","link":"https:\/\/passion-pmac.fr\/?page_id=699","title":{"rendered":"mission m\u00e9moire"},"content":{"rendered":"\n<p>La mission m\u00e9moire de l\u2019aviation civile (MMAC) est un service de la direction g\u00e9n\u00e9rale de l\u2019aviation civile (DGAC). Vous pouvez consulter la <a href=\"https:\/\/www.ecologie.gouv.fr\/laviation-civile-en-france-et-memoire-0#la-mission-de-la-memoire-de-laviation-civile-2\" target=\"_blank\" rel=\"noreferrer noopener\">page d\u2019accueil de la mission m\u00e9moire<\/a> sur le site du minist\u00e8re.<\/p>\n\n\n\n<p>La mission encourage et structure les actions m\u00e9morielles, contribue \u00e0 la collecte et \u00e0 la valorisation du patrimoine technique, \u00e0 l\u2019enrichissement de la culture patrimoniale de l\u2019aviation civile et \u00e0 la diffusion des connaissances. Elle s\u2019appuie pour cela sur les personnels actifs et retrait\u00e9s de la DGC mais aussi sur un r\u00e9seau d\u2019associations et mus\u00e9es agissant dans le m\u00eame sens. <a href=\"https:\/\/passion-pmac.fr\/?page_id=414\">Plus de d\u00e9tail ici.<\/a><\/p>\n\n\n\n<p>Ces actions donnent lieu \u00e0 une journ\u00e9e annuelle d\u2019\u00e9change dans une instance d\u00e9nomm\u00e9e \u00ab&nbsp;<strong>commission m\u00e9moire de l\u2019aviation civile<\/strong>\u00ab&nbsp;.<\/p>\n\n\n\n<p>Ce site permet d\u2019acc\u00e9der \u00e0 des collections de documents d\u2019archives et d\u2019actualit\u00e9s qui int\u00e9ressent tant les membres du r\u00e9seau, que le grand public.<\/p>\n\n\n\n<p>Les donn\u00e9es sont r\u00e9parties entre un site Calam\u00e9o qui comporte une dizaine de dossiers d\u00e9di\u00e9s \u00e0 ces collections et un site YouTube comportant un trentaine de palylists affich\u00e9es dans des sections bien identifi\u00e9es sur la page d&#8217;accueil.<\/p>\n\n\n\n<ul class=\"wp-block-list\">\n<li><a href=\"https:\/\/www.calameo.com\/ppmac\">https:\/\/www.calameo.com\/ppmac<\/a><\/li>\n\n\n\n<li><a href=\"https:\/\/www.youtube.com\/@passion-pmac\">https:\/\/www.youtube.com\/@passion-pmac<\/a><\/li>\n<\/ul>\n\n\n\n<p><a href=\"https:\/\/passion-pmac.fr\/\">Retour au Menu g\u00e9n\u00e9ral<\/a><\/p>\n","protected":false},"excerpt":{"rendered":"<p>La mission m\u00e9moire de l\u2019aviation civile (MMAC) est un service de la direction g\u00e9n\u00e9rale de l\u2019aviation civile (DGAC). Vous pouvez consulter la page d\u2019accueil de la mission m\u00e9moire sur le site du minist\u00e8re. La mission encourage et structure les actions m\u00e9morielles, contribue \u00e0 la collecte et \u00e0 la valorisation du patrimoine technique, \u00e0 l\u2019enrichissement de [&hellip;]<\/p>\n","protected":false},"author":1,"featured_media":0,"parent":0,"menu_order":0,"comment_status":"closed","ping_status":"closed","template":"","meta":{"footnotes":""},"class_list":["post-699","page","type-page","status-publish","hentry"],"_links":{"self":[{"href":"https:\/\/passion-pmac.fr\/index.php?rest_route=\/wp\/v2\/pages\/699","targetHints":{"allow":["GET"]}}],"collection":[{"href":"https:\/\/passion-pmac.fr\/index.php?rest_route=\/wp\/v2\/pages"}],"about":[{"href":"https:\/\/passion-pmac.fr\/index.php?rest_route=\/wp\/v2\/types\/page"}],"author":[{"embeddable":true,"href":"https:\/\/passion-pmac.fr\/index.php?rest_route=\/wp\/v2\/users\/1"}],"replies":[{"embeddable":true,"href":"https:\/\/passion-pmac.fr\/index.php?rest_route=%2Fwp%2Fv2%2Fcomments&post=699"}],"version-history":[{"count":3,"href":"https:\/\/passion-pmac.fr\/index.php?rest_route=\/wp\/v2\/pages\/699\/revisions"}],"predecessor-version":[{"id":702,"href":"https:\/\/passion-pmac.fr\/index.php?rest_route=\/wp\/v2\/pages\/699\/revisions\/702"}],"wp:attachment":[{"href":"https:\/\/passion-pmac.fr\/index.php?rest_route=%2Fwp%2Fv2%2Fmedia&parent=699"}],"curies":[{"name":"wp","href":"https:\/\/api.w.org\/{rel}","templated":true}]}}